{"id":2,"date":"2020-01-16T21:06:32","date_gmt":"2020-01-16T20:06:32","guid":{"rendered":"http:\/\/ganzsicher.net\/soushWP?page_id=2"},"modified":"2023-12-05T18:29:00","modified_gmt":"2023-12-05T17:29:00","slug":"soulshine-vision","status":"publish","type":"page","link":"https:\/\/ganzsicher.net\/soushWP\/soulshine-vision\/","title":{"rendered":"Soulshine &#8211; Vision"},"content":{"rendered":"\n<p><strong>SOUL<\/strong>&nbsp;war und ist Vision, Inspiration und Triebfeder f\u00fcr das Bandprojekt&nbsp;<strong>SOULSHINE<\/strong>, das l\u00e4ngst dem Projektstatus entwachsen und zur Herzensangelegenheit der Musiker geworden ist.<\/p>\n\n\n\n<p><strong>SOULSHINE<\/strong>&nbsp;w\u00fcrzt die unverwechselbaren Main-Vocals der Band mit groovigen Ch\u00f6ren und SOUL-iger Urgewalt, versehen mit rockiger Power &amp; bluesigem Touch. Auf die Spitze getrieben durch genial bedientes Blech.<\/p>\n\n\n\n<p><\/p>\n\n\n\n<p>Die in ureigenster Art und Weise interpretierten Songs vom Soulklassiker bishin \u2026 (hier sind keine Grenzen gesetzt) sind das Markenzeichen der Band.<\/p>\n\n\n\n<p><strong>SOULSHINE-Konzerte<\/strong>&nbsp;stehen f\u00fcr Entertainment, Fun und nat\u00fcrlich SOUL. Bei diesem Mix wird gemeinsam mit dem geneigten Auditorium abgefeiert, dass kein Auge trocken bleibt.<\/p>\n\n\n\n<p>In diesem Sinne:&nbsp;<strong>See ya`<\/strong>&nbsp;<a href=\"https:\/\/ganzsicher.net\/soushWP\/soulshine-intern\/\" target=\"_blank\" rel=\"noreferrer noopener\">!!!<\/a><\/p>\n\n\n\n<figure class=\"wp-block-image size-full\"><a href=\"https:\/\/www.facebook.com\/profile.php?id=100047033742661&amp;sk=about\" target=\"_blank\" rel=\"https:\/\/www.facebook.com\/profile.php?id=100047033742661&amp;sk=about noopener\"><img decoding=\"async\" loading=\"lazy\" width=\"38\" height=\"38\" src=\"https:\/\/ganzsicher.net\/soushWP\/wp-content\/uploads\/2023\/06\/f_bk.png\" alt=\"\" class=\"wp-image-144\"\/><\/a><\/figure>\n","protected":false},"excerpt":{"rendered":"<p>SOUL&nbsp;war und ist Vision, Inspiration und Triebfeder f\u00fcr das Bandprojekt&nbsp;SOULSHINE, das l\u00e4ngst dem Projektstatus entwachsen und zur Herzensangelegenheit der Musiker geworden ist. SOULSHINE&nbsp;w\u00fcrzt die unverwechselbaren Main-Vocals der Band mit groovigen Ch\u00f6ren und SOUL-iger Urgewalt, versehen mit rockiger Power &amp; bluesigem Touch. Auf die Spitze getrieben durch genial bedientes Blech. Die in ureigenster Art und Weise [&hellip;]<\/p>\n","protected":false},"author":1,"featured_media":0,"parent":0,"menu_order":0,"comment_status":"closed","ping_status":"closed","template":"","meta":[],"_links":{"self":[{"href":"https:\/\/ganzsicher.net\/soushWP\/wp-json\/wp\/v2\/pages\/2"}],"collection":[{"href":"https:\/\/ganzsicher.net\/soushWP\/wp-json\/wp\/v2\/pages"}],"about":[{"href":"https:\/\/ganzsicher.net\/soushWP\/wp-json\/wp\/v2\/types\/page"}],"author":[{"embeddable":true,"href":"https:\/\/ganzsicher.net\/soushWP\/wp-json\/wp\/v2\/users\/1"}],"replies":[{"embeddable":true,"href":"https:\/\/ganzsicher.net\/soushWP\/wp-json\/wp\/v2\/comments?post=2"}],"version-history":[{"count":6,"href":"https:\/\/ganzsicher.net\/soushWP\/wp-json\/wp\/v2\/pages\/2\/revisions"}],"predecessor-version":[{"id":194,"href":"https:\/\/ganzsicher.net\/soushWP\/wp-json\/wp\/v2\/pages\/2\/revisions\/194"}],"wp:attachment":[{"href":"https:\/\/ganzsicher.net\/soushWP\/wp-json\/wp\/v2\/media?parent=2"}],"curies":[{"name":"wp","href":"https:\/\/api.w.org\/{rel}","templated":true}]}}